{"id":21863,"date":"2025-08-12T12:48:51","date_gmt":"2025-08-12T12:48:51","guid":{"rendered":"https:\/\/ezmeklystg.wpenginepowered.com\/?page_id=21863"},"modified":"2026-01-07T14:38:11","modified_gmt":"2026-01-07T14:38:11","slug":"se-connecter","status":"publish","type":"page","link":"https:\/\/www.nf1pn.eu\/fr\/se-connecter\/","title":{"rendered":"Se Connecter"},"content":{"rendered":"\t\t<div data-elementor-type=\"wp-page\" data-elementor-id=\"21863\" class=\"elementor elementor-21863 elementor-21805\" data-elementor-post-type=\"page\">\n\t\t\t\t<div class=\"elementor-element elementor-element-765307d e-flex e-con-boxed e-con e-parent\" data-id=\"765307d\" data-element_type=\"container\">\n\t\t\t\t\t<div class=\"e-con-inner\">\n\t\t\t\t<div class=\"elementor-element elementor-element-5ff9410 elementor-widget elementor-widget-spacer\" data-id=\"5ff9410\" data-element_type=\"widget\" data-widget_type=\"spacer.default\">\n\t\t\t\t<div class=\"elementor-widget-container\">\n\t\t\t\t\t\t\t<div class=\"elementor-spacer\">\n\t\t\t<div class=\"elementor-spacer-inner\"><\/div>\n\t\t<\/div>\n\t\t\t\t\t\t<\/div>\n\t\t\t\t<\/div>\n\t\t<div class=\"elementor-element elementor-element-4254100 e-con-full e-flex e-con e-child\" data-id=\"4254100\" data-element_type=\"container\">\n\t\t\t\t<div class=\"elementor-element elementor-element-2d90a42 elementor-widget elementor-widget-text-editor\" data-id=\"2d90a42\" data-element_type=\"widget\" data-widget_type=\"text-editor.default\">\n\t\t\t\t<div class=\"elementor-widget-container\">\n\t\t\t\t\t\t\t\t\t<p><\/p><div id=\"cont-doccheck-login-form\">\r\n        <div class=\"auth-form\">\r\n            <div class=\"auth-form-header\">\r\n                <img decoding=\"async\" class=\"auth-form-logo\" src=\"\/wp-content\/uploads\/2025\/02\/doc-check-logo.png\">\r\n                <h1>Inscription pour les mises \u00e0 jour <\/h1>\r\n            <\/div>\r\n            <div class=\"auth-form-body\">\r\n                <form method=\"post\" action=\"https:\/\/login.doccheck.com\" id=\"doccheck_login_form\" class=\"doccheck_login_form\">\r\n                    <input type=\"hidden\" name=\"return_uri\" value=\"https:\/\/www.nf1pn.eu\/de\/anmeldung-abschliessen\/\">\r\n                    <input type=\"hidden\" name=\"login_id\" value=\"2000000022433\">\r\n                    <input type=\"hidden\" name=\"strDcLanguage\" value=\"fr_FR\">\r\n                    <input type=\"hidden\" name=\"m\" value=\"\">\r\n                    <!--input type=\"hidden\" name=\"intDcLanguageId\" value=\"134\"-->\r\n                   \r\n                    <div class=\"mb-5\">\r\n                        <p>\r\n                            Veuillez vous authentifier via DocCheck en tant que membre du personnel m\u00e9dical afin de recevoir par e-mail les derni\u00e8res informations sur la NF1-PN.<br \/>\r\nLe contenu souhait\u00e9 s&#039;adresse aux professionnels. \r\n                        <\/p>\r\n                    <\/div>\r\n                    <div>\r\n                        <label class=\"form-label\" for=\"username\">Nom d&#039;utilisateur<\/label>\r\n                        <input type=\"text\" name=\"username\" id=\"email\" value=\"\" placeholder=\"Votre nom d&#039;utilisateur DocCheck\" required>\r\n                    <\/div>\r\n                    <div>\r\n                        <label class=\"form-label\" for=\"password\">Mot de Passe<\/label>\r\n                        <input type=\"password\" name=\"password\" id=\"password\" value=\"\" placeholder=\"votre mot de passe DocCheck\" required>\r\n                    <\/div>\r\n                    \r\n                    <input type=\"hidden\" id=\"doccheck_login_nonce\" name=\"doccheck_login_nonce\" value=\"289e1556f7\" \/><input type=\"hidden\" name=\"_wp_http_referer\" value=\"\/fr\/wp-json\/wp\/v2\/pages\/21863\" \/>                    <div class=\"mt-3 footer-button\">\r\n                        <a class=\"button button--default\" href=\"https:\/\/www.doccheck.com\/reset-password-request\"> Mot de passe oubli\u00e9 ?\n<\/a>\r\n                        <button type=\"submit\" class=\"button button--default submit-bottom-doccheck\" name=\"doccheck_login\">Authentification DocCheck<\/button>\r\n                    <\/div>\r\n                <\/form>\r\n            <\/div>\r\n        <\/div>\r\n        <div class=\"auth-form-footer\">\r\n                <p>\r\n                    Je ne suis pas encore inscrit.                    <br>\r\n                    Inscrivez-vous d\u00e8s maintenant et profitez de nombreux avantages.                <\/p>\r\n                <div>\r\n                    <a  class=\"button button--default\" href=\"https:\/\/www.doccheck.com\/register\">Inscrivez-vous d\u00e8s maintenant<\/a>\r\n                <\/div>\r\n        <\/div>\r\n    <\/div>\t\t\t\t\t\t\t\t<\/div>\n\t\t\t\t<\/div>\n\t\t\t\t<\/div>\n\t\t\t\t\t<\/div>\n\t\t\t\t<\/div>\n\t\t\t\t<\/div>\n\t\t","protected":false},"excerpt":{"rendered":"<p>Inscription pour les mises \u00e0 jour Veuillez vous authentifier via DocCheck en tant que membre du personnel m\u00e9dical afin de recevoir par e-mail les derni\u00e8res informations sur la NF1-PN. Le contenu souhait\u00e9 s&#039;adresse aux professionnels. Nom d&#039;utilisateur Mot de Passe Mot de passe oubli\u00e9 ? Authentification DocCheck Je ne suis pas encore inscrit. Inscrivez-vous d\u00e8s&hellip;<\/p>\n","protected":false},"author":4,"featured_media":0,"parent":0,"menu_order":0,"comment_status":"closed","ping_status":"closed","template":"elementor_header_footer","meta":{"_acf_changed":true,"footnotes":""},"class_list":["post-21863","page","type-page","status-publish","hentry"],"acf":[],"yoast_head":"<!-- This site is optimized with the Yoast SEO plugin v26.1.1 - https:\/\/yoast.com\/wordpress\/plugins\/seo\/ -->\n<title>Se Connecter - Springworks<\/title>\n<meta name=\"robots\" content=\"index, follow, max-snippet:-1, max-image-preview:large, max-video-preview:-1\" \/>\n<link rel=\"canonical\" href=\"https:\/\/www.nf1pn.eu\/fr\/se-connecter\/\" \/>\n<meta property=\"og:locale\" content=\"fr_FR\" \/>\n<meta property=\"og:type\" content=\"article\" \/>\n<meta property=\"og:title\" content=\"Se Connecter - Springworks\" \/>\n<meta property=\"og:url\" content=\"https:\/\/www.nf1pn.eu\/fr\/se-connecter\/\" \/>\n<meta property=\"og:site_name\" content=\"Springworks\" \/>\n<meta property=\"article:modified_time\" content=\"2026-01-07T14:38:11+00:00\" \/>\n<meta name=\"twitter:card\" content=\"summary_large_image\" \/>\n<meta name=\"twitter:label1\" content=\"Dur\u00e9e de lecture estim\u00e9e\" \/>\n\t<meta name=\"twitter:data1\" content=\"1 minute\" \/>\n<script type=\"application\/ld+json\" class=\"yoast-schema-graph\">{\"@context\":\"https:\/\/schema.org\",\"@graph\":[{\"@type\":\"WebPage\",\"@id\":\"https:\/\/www.nf1pn.eu\/fr\/se-connecter\/\",\"url\":\"https:\/\/www.nf1pn.eu\/fr\/se-connecter\/\",\"name\":\"Se Connecter - Springworks\",\"isPartOf\":{\"@id\":\"https:\/\/www.nf1pn.eu\/fr\/#website\"},\"datePublished\":\"2025-08-12T12:48:51+00:00\",\"dateModified\":\"2026-01-07T14:38:11+00:00\",\"breadcrumb\":{\"@id\":\"https:\/\/www.nf1pn.eu\/fr\/se-connecter\/#breadcrumb\"},\"inLanguage\":\"fr-FR\",\"potentialAction\":[{\"@type\":\"ReadAction\",\"target\":[\"https:\/\/www.nf1pn.eu\/fr\/se-connecter\/\"]}]},{\"@type\":\"BreadcrumbList\",\"@id\":\"https:\/\/www.nf1pn.eu\/fr\/se-connecter\/#breadcrumb\",\"itemListElement\":[{\"@type\":\"ListItem\",\"position\":1,\"name\":\"Home\",\"item\":\"https:\/\/www.nf1pn.eu\/fr\/\"},{\"@type\":\"ListItem\",\"position\":2,\"name\":\"Se Connecter\"}]},{\"@type\":\"WebSite\",\"@id\":\"https:\/\/www.nf1pn.eu\/fr\/#website\",\"url\":\"https:\/\/www.nf1pn.eu\/fr\/\",\"name\":\"Springworks\",\"description\":\"NF1-PN\",\"publisher\":{\"@id\":\"https:\/\/www.nf1pn.eu\/fr\/#organization\"},\"potentialAction\":[{\"@type\":\"SearchAction\",\"target\":{\"@type\":\"EntryPoint\",\"urlTemplate\":\"https:\/\/www.nf1pn.eu\/fr\/?s={search_term_string}\"},\"query-input\":{\"@type\":\"PropertyValueSpecification\",\"valueRequired\":true,\"valueName\":\"search_term_string\"}}],\"inLanguage\":\"fr-FR\"},{\"@type\":\"Organization\",\"@id\":\"https:\/\/www.nf1pn.eu\/fr\/#organization\",\"name\":\"Springworks\",\"url\":\"https:\/\/www.nf1pn.eu\/fr\/\",\"logo\":{\"@type\":\"ImageObject\",\"inLanguage\":\"fr-FR\",\"@id\":\"https:\/\/www.nf1pn.eu\/fr\/#\/schema\/logo\/image\/\",\"url\":\"https:\/\/www.nf1pn.eu\/wp-content\/uploads\/2024\/07\/SWTX_Logo_White.svg\",\"contentUrl\":\"https:\/\/www.nf1pn.eu\/wp-content\/uploads\/2024\/07\/SWTX_Logo_White.svg\",\"caption\":\"Springworks\"},\"image\":{\"@id\":\"https:\/\/www.nf1pn.eu\/fr\/#\/schema\/logo\/image\/\"}}]}<\/script>\n<!-- \/ Yoast SEO plugin. -->","yoast_head_json":{"title":"Se Connecter - Springworks","robots":{"index":"index","follow":"follow","max-snippet":"max-snippet:-1","max-image-preview":"max-image-preview:large","max-video-preview":"max-video-preview:-1"},"canonical":"https:\/\/www.nf1pn.eu\/fr\/se-connecter\/","og_locale":"fr_FR","og_type":"article","og_title":"Se Connecter - Springworks","og_url":"https:\/\/www.nf1pn.eu\/fr\/se-connecter\/","og_site_name":"Springworks","article_modified_time":"2026-01-07T14:38:11+00:00","twitter_card":"summary_large_image","twitter_misc":{"Dur\u00e9e de lecture estim\u00e9e":"1 minute"},"schema":{"@context":"https:\/\/schema.org","@graph":[{"@type":"WebPage","@id":"https:\/\/www.nf1pn.eu\/fr\/se-connecter\/","url":"https:\/\/www.nf1pn.eu\/fr\/se-connecter\/","name":"Se Connecter - Springworks","isPartOf":{"@id":"https:\/\/www.nf1pn.eu\/fr\/#website"},"datePublished":"2025-08-12T12:48:51+00:00","dateModified":"2026-01-07T14:38:11+00:00","breadcrumb":{"@id":"https:\/\/www.nf1pn.eu\/fr\/se-connecter\/#breadcrumb"},"inLanguage":"fr-FR","potentialAction":[{"@type":"ReadAction","target":["https:\/\/www.nf1pn.eu\/fr\/se-connecter\/"]}]},{"@type":"BreadcrumbList","@id":"https:\/\/www.nf1pn.eu\/fr\/se-connecter\/#breadcrumb","itemListElement":[{"@type":"ListItem","position":1,"name":"Home","item":"https:\/\/www.nf1pn.eu\/fr\/"},{"@type":"ListItem","position":2,"name":"Se Connecter"}]},{"@type":"WebSite","@id":"https:\/\/www.nf1pn.eu\/fr\/#website","url":"https:\/\/www.nf1pn.eu\/fr\/","name":"Springworks","description":"NF1-PN","publisher":{"@id":"https:\/\/www.nf1pn.eu\/fr\/#organization"},"potentialAction":[{"@type":"SearchAction","target":{"@type":"EntryPoint","urlTemplate":"https:\/\/www.nf1pn.eu\/fr\/?s={search_term_string}"},"query-input":{"@type":"PropertyValueSpecification","valueRequired":true,"valueName":"search_term_string"}}],"inLanguage":"fr-FR"},{"@type":"Organization","@id":"https:\/\/www.nf1pn.eu\/fr\/#organization","name":"Springworks","url":"https:\/\/www.nf1pn.eu\/fr\/","logo":{"@type":"ImageObject","inLanguage":"fr-FR","@id":"https:\/\/www.nf1pn.eu\/fr\/#\/schema\/logo\/image\/","url":"https:\/\/www.nf1pn.eu\/wp-content\/uploads\/2024\/07\/SWTX_Logo_White.svg","contentUrl":"https:\/\/www.nf1pn.eu\/wp-content\/uploads\/2024\/07\/SWTX_Logo_White.svg","caption":"Springworks"},"image":{"@id":"https:\/\/www.nf1pn.eu\/fr\/#\/schema\/logo\/image\/"}}]}},"featured_image_src":null,"featured_image_src_square":null,"_links":{"self":[{"href":"https:\/\/www.nf1pn.eu\/fr\/wp-json\/wp\/v2\/pages\/21863","targetHints":{"allow":["GET"]}}],"collection":[{"href":"https:\/\/www.nf1pn.eu\/fr\/wp-json\/wp\/v2\/pages"}],"about":[{"href":"https:\/\/www.nf1pn.eu\/fr\/wp-json\/wp\/v2\/types\/page"}],"author":[{"embeddable":true,"href":"https:\/\/www.nf1pn.eu\/fr\/wp-json\/wp\/v2\/users\/4"}],"replies":[{"embeddable":true,"href":"https:\/\/www.nf1pn.eu\/fr\/wp-json\/wp\/v2\/comments?post=21863"}],"version-history":[{"count":0,"href":"https:\/\/www.nf1pn.eu\/fr\/wp-json\/wp\/v2\/pages\/21863\/revisions"}],"wp:attachment":[{"href":"https:\/\/www.nf1pn.eu\/fr\/wp-json\/wp\/v2\/media?parent=21863"}],"curies":[{"name":"wp","href":"https:\/\/api.w.org\/{rel}","templated":true}]}}