{"id":22097,"date":"2025-03-19T10:54:38","date_gmt":"2025-03-19T10:54:38","guid":{"rendered":"https:\/\/www.nf1pn.eu\/?page_id=22097"},"modified":"2026-03-11T15:36:08","modified_gmt":"2026-03-11T15:36:08","slug":"finalizar-el-registro","status":"publish","type":"page","link":"https:\/\/www.nf1pn.eu\/es\/finalizar-el-registro\/","title":{"rendered":"Finalizar el registro"},"content":{"rendered":"\t\t<div data-elementor-type=\"wp-page\" data-elementor-id=\"22097\" class=\"elementor elementor-22097 elementor-21341\" data-elementor-post-type=\"page\">\n\t\t\t\t<div class=\"elementor-element elementor-element-e906357 e-flex e-con-boxed e-con e-parent\" data-id=\"e906357\" data-element_type=\"container\">\n\t\t\t\t\t<div class=\"e-con-inner\">\n\t\t\t\t<div class=\"elementor-element elementor-element-0c38592 elementor-widget elementor-widget-spacer\" data-id=\"0c38592\" data-element_type=\"widget\" data-widget_type=\"spacer.default\">\n\t\t\t\t<div class=\"elementor-widget-container\">\n\t\t\t\t\t\t\t<div class=\"elementor-spacer\">\n\t\t\t<div class=\"elementor-spacer-inner\"><\/div>\n\t\t<\/div>\n\t\t\t\t\t\t<\/div>\n\t\t\t\t<\/div>\n\t\t<div class=\"elementor-element elementor-element-26775e7 e-con-full e-flex e-con e-child\" data-id=\"26775e7\" data-element_type=\"container\">\n\t\t\t\t<div class=\"elementor-element elementor-element-59be3a4 elementor-widget elementor-widget-text-editor\" data-id=\"59be3a4\" data-element_type=\"widget\" data-widget_type=\"text-editor.default\">\n\t\t\t\t<div class=\"elementor-widget-container\">\n\t\t\t\t\t\t\t\t\t<div id=\"cont-doccheck-login-form\">\r\n        <div class=\"auth-form\">\r\n            <div class=\"auth-form-header\">\r\n                <h1>Complete la inscripci\u00f3n<\/h1>\r\n            <\/div>\r\n            <div class=\"auth-form-body\">\r\n                <form method=\"post\" action=\"\">\r\n                    <div>\r\n                        <label for=\"email\" class=\"form-label\">Email<sup>*<\/sup><\/label>\r\n                        <input type=\"email\" name=\"email\" id=\"email\" value=\"\" required>\r\n                    <\/div>\r\n                    <div>\r\n                        <label for=\"first_name\" class=\"form-label\">Nombre<sup>*<\/sup><\/label>\r\n                        <input type=\"text\" name=\"first_name\" id=\"first_name\" value=\"\" required=\"required\">\r\n                    <\/div>\r\n                    <div>\r\n                        <label for=\"last_name\" class=\"form-label\">Apellido<sup>*<\/sup><\/label>\r\n                        <input type=\"text\" name=\"last_name\" id=\"last_name\" value=\"\" required=\"required\">\r\n                    <\/div>\r\n                    <div style=\"display:none\">\r\n                        <label for=\"display_name\">Display Name:<\/label>\r\n                        <input type=\"text\" name=\"display_name\" id=\"display_name\" value=\"\">\r\n                    <\/div>\r\n                    <div>\r\n                        <label class=\"form-label\" for=\"field_67c9861e015df\">Seleccione un pa\u00eds<sup>*<\/sup><\/label>\r\n                        <br>\r\n                        <select name=\"field_67c9861e015df\" required=\"required\" class=\"required\" placeholder=\"Country\">\r\n                            <option value=\"\" style=\"color:#cccc;\">Country<\/option>\r\n                            <option value=\"at\">Austria<\/option><option value=\"be\">Belgium<\/option><option value=\"bg\">Bulgaria<\/option><option value=\"hr\">Croatia<\/option><option value=\"cy\">Cyprus<\/option><option value=\"cz\">Czechia<\/option><option value=\"dk\">Denmark<\/option><option value=\"ee\">Estonia<\/option><option value=\"fi\">Finland<\/option><option value=\"fr\">France<\/option><option value=\"de\">Germany<\/option><option value=\"el\">Greece<\/option><option value=\"hu\">Hungary<\/option><option value=\"ie\">Ireland<\/option><option value=\"it\">Italy<\/option><option value=\"lv\">Latvia<\/option><option value=\"lt\">Lithuania<\/option><option value=\"lu\">Luxembourg<\/option><option value=\"mt\">Malta<\/option><option value=\"nl\">Netherlands<\/option><option value=\"pl\">Poland<\/option><option value=\"pt\">Portugal<\/option><option value=\"ro\">Romania<\/option><option value=\"sk\">Slovakia<\/option><option value=\"si\">Slovenia<\/option><option value=\"es\">Spain<\/option><option value=\"se\">Sweden<\/option>                        <\/select>\r\n                    <\/div>\r\n                    <div>\r\n                        <label class=\"form-label\" for=\"field_678f63d2456f9\">Elige tu especialidad<sup>*<\/sup><\/label>\r\n                        <br>\r\n                        <label class=\"option\"><input type=\"radio\" name=\"field_678f63d2456f9\" required=\"required\" value=\"100\" >Oncolog\u00eda<\/label><label class=\"option\"><input type=\"radio\" name=\"field_678f63d2456f9\" required=\"required\" value=\"101\" >Cirug\u00eda<\/label><label class=\"option\"><input type=\"radio\" name=\"field_678f63d2456f9\" required=\"required\" value=\"105\" >Neurolog\u00eda<\/label><label class=\"option\"><input type=\"radio\" name=\"field_678f63d2456f9\" required=\"required\" value=\"106\" >Dermatolog\u00eda<\/label><label class=\"option\"><input type=\"radio\" name=\"field_678f63d2456f9\" required=\"required\" value=\"999\" >Otros<\/label>                    <\/div>\r\n\r\n                    <div id=\"other-spec-div\" class=\"hide-other-info mt-3\">\r\n                        <label class=\"form-label\" for=\"field_678f7b4caa7d0\">Escribe tus notas aqu\u00ed<\/label>\r\n                        <textarea name=\"field_678f7b4caa7d0\" id=\"field_678f7b4caa7d0\" class=\"form-control\" ><\/textarea>\r\n                    <\/div>\r\n                    <div class=\"mt-3\">\r\n                        <input required=\"required\" type=\"checkbox\" name=\"field_67d33c95f72e6\" id=\"field_67d33c95f72e6\" value=\"yes\">\r\n                        <label class=\"text-consent\" for=\"field_67d33c95f72e6\">Doy mi consentimiento para que SpringWorks Therapeutics, una empresa del sector sanitario de Merck, y las <a href=\"https:\/\/www.merckgroup.com\/en\/locations.html?p=1\" target=\"_blank\">entidades de Merck Healthcare<\/a> (\u201cSpringWorks\u201d), recopilen, traten y utilicen mis datos personales (es decir, nombre, cargo o t\u00edtulo acad\u00e9mico, consulta o lugar de trabajo, direcci\u00f3n, direcci\u00f3n de correo electr\u00f3nico, n\u00famero de tel\u00e9fono, \u00e1mbito o especialidad profesional) con el fin de enviarme informaci\u00f3n sobre la empresa, temas m\u00e9dicos (incluida informaci\u00f3n sobre nuestros productos) o eventos. En la medida en que sea necesario para los fines anteriormente mencionados, mis datos personales ser\u00e1n recopilados por SpringWorks y, en su nombre, almacenados en una base de datos global de Merck KGaA, Frankfurter Str. 250, 64293 Darmstadt. Esta base de datos es administrada por Merck KGaA y sus empresas afiliadas. Esto tambi\u00e9n puede implicar el acceso desde pa\u00edses fuera del \u00e1mbito de aplicaci\u00f3n de la legislaci\u00f3n europea en materia de protecci\u00f3n de datos que no proporcionan un nivel de protecci\u00f3n de datos comparable. SpringWorks adoptar\u00e1 las medidas legalmente requeridas a este respecto, como el uso de cl\u00e1usulas contractuales tipo aprobadas por la UE. Los datos se almacenar\u00e1n mientras no me oponga a su tratamiento. Ser\u00e9 contactado por correo postal (por ejemplo, mediante el env\u00edo de folletos), por tel\u00e9fono y por mensajes de texto, salvo que me oponga. Asimismo, doy mi consentimiento para ser contactado por correo electr\u00f3nico y\/o fax. Ya he introducido, o he hecho que se introduzcan, los datos pertinentes en los campos designados. Para los correos electr\u00f3nicos: para el env\u00edo de correos electr\u00f3nicos utilizamos aplicaciones proporcionadas y operadas en nuestro nombre por <a href=\"https:\/\/www.salesforce.com\/\" target=\"_blank\">Salesforce.com<\/a> y <a href=\"https:\/\/www.veeva.com\/products\/crm-suite\/\" target=\"_blank\">Veeva CRM<\/a>. Esto puede implicar el tratamiento de datos personales en pa\u00edses fuera del \u00e1mbito de aplicaci\u00f3n de la legislaci\u00f3n europea en materia de protecci\u00f3n de datos que no proporcionan un nivel de protecci\u00f3n de datos comparable. Adoptaremos las precauciones legales necesarias para proteger sus datos, como el uso de cl\u00e1usulas contractuales tipo aprobadas por la UE. Con el fin de mejorar nuestras ofertas e informarle sobre temas de su inter\u00e9s, el uso que usted haga de nuestros correos electr\u00f3nicos ser\u00e1 registrado y evaluado.            <br><strong>Mis derechos:<\/strong> Puedo revocar este consentimiento en cualquier momento, total o parcialmente, con efectos para el futuro. En tal caso, los datos almacenados dejar\u00e1n de utilizarse para los fines mencionados anteriormente y solo se conservar\u00e1n en la medida necesaria para dar cumplimiento a la decisi\u00f3n de revocaci\u00f3n. Adem\u00e1s, tengo derecho a obtener informaci\u00f3n sobre los datos almacenados que me conciernen, el derecho a la rectificaci\u00f3n, supresi\u00f3n o limitaci\u00f3n del tratamiento cuando est\u00e9 justificado, as\u00ed como el derecho a la portabilidad de los datos. Si mis datos personales se transfieren a un pa\u00eds fuera de la UE que no ofrezca una protecci\u00f3n de datos adecuada, puedo solicitar una copia del contrato que garantice una protecci\u00f3n adecuada de mis datos personales. Para ejercer mis derechos, puedo ponerme en contacto con mi representante de campo responsable o con el Delegado de Protecci\u00f3n de Datos de SpringWorks en <a href=\"mailto:SpringWorks@HewardMills.com\">SpringWorks@HewardMills.com<\/a>. Mi derecho a dirigirme a la autoridad de control competente permanece intacto si tengo dudas sobre el tratamiento de mis datos: El Comisionado de Protecci\u00f3n de Datos de Hesse, Gustav-Stresemann-Ring 1, 65189 Wiesbaden, Apartado Postal 31 63, 65021 Wiesbaden, <a href=\"mailto:poststelle@datenschutz.hessen.de\">poststelle@datenschutz.hessen.de<\/a>.<br>Legal basis: Art. 6(1)(a) GDPR      <\/label>\r\n                    <\/div>\r\n                    <input type=\"hidden\" id=\"edit_profile_nonce\" name=\"edit_profile_nonce\" value=\"a0c0dad659\" \/><input type=\"hidden\" name=\"_wp_http_referer\" value=\"\/es\/wp-json\/wp\/v2\/pages\/22097\" \/>                    <div class=\"mt-3\" style=\"text-align: right;\">\r\n                        <button type=\"submit\" class=\"button button--default\" name=\"submit_profile\">reg\u00edstrate<\/button>\r\n                    <\/div>\r\n                <\/form>\r\n            <\/div>\r\n        <\/div>\r\n    <\/div>\t\t\t\t\t\t\t\t<\/div>\n\t\t\t\t<\/div>\n\t\t\t\t<\/div>\n\t\t\t\t\t<\/div>\n\t\t\t\t<\/div>\n\t\t\t\t<\/div>\n\t\t","protected":false},"excerpt":{"rendered":"","protected":false},"author":4,"featured_media":0,"parent":0,"menu_order":0,"comment_status":"closed","ping_status":"closed","template":"elementor_header_footer","meta":{"_acf_changed":true,"footnotes":""},"class_list":["post-22097","page","type-page","status-publish","hentry"],"acf":[],"yoast_head":"<!-- This site is optimized with the Yoast SEO plugin v26.1.1 - https:\/\/yoast.com\/wordpress\/plugins\/seo\/ -->\n<title>Finalizar el registro - Springworks<\/title>\n<meta name=\"robots\" content=\"index, follow, max-snippet:-1, max-image-preview:large, max-video-preview:-1\" \/>\n<link rel=\"canonical\" href=\"https:\/\/www.nf1pn.eu\/es\/finalizar-el-registro\/\" \/>\n<meta property=\"og:locale\" content=\"es_ES\" \/>\n<meta property=\"og:type\" content=\"article\" \/>\n<meta property=\"og:title\" content=\"Finalizar el registro - Springworks\" \/>\n<meta property=\"og:url\" content=\"https:\/\/www.nf1pn.eu\/es\/finalizar-el-registro\/\" \/>\n<meta property=\"og:site_name\" content=\"Springworks\" \/>\n<meta property=\"article:modified_time\" content=\"2026-03-11T15:36:08+00:00\" \/>\n<meta name=\"twitter:card\" content=\"summary_large_image\" \/>\n<script type=\"application\/ld+json\" class=\"yoast-schema-graph\">{\"@context\":\"https:\/\/schema.org\",\"@graph\":[{\"@type\":\"WebPage\",\"@id\":\"https:\/\/www.nf1pn.eu\/es\/finalizar-el-registro\/\",\"url\":\"https:\/\/www.nf1pn.eu\/es\/finalizar-el-registro\/\",\"name\":\"Finalizar el registro - Springworks\",\"isPartOf\":{\"@id\":\"https:\/\/www.nf1pn.eu\/es\/#website\"},\"datePublished\":\"2025-03-19T10:54:38+00:00\",\"dateModified\":\"2026-03-11T15:36:08+00:00\",\"breadcrumb\":{\"@id\":\"https:\/\/www.nf1pn.eu\/es\/finalizar-el-registro\/#breadcrumb\"},\"inLanguage\":\"es\",\"potentialAction\":[{\"@type\":\"ReadAction\",\"target\":[\"https:\/\/www.nf1pn.eu\/es\/finalizar-el-registro\/\"]}]},{\"@type\":\"BreadcrumbList\",\"@id\":\"https:\/\/www.nf1pn.eu\/es\/finalizar-el-registro\/#breadcrumb\",\"itemListElement\":[{\"@type\":\"ListItem\",\"position\":1,\"name\":\"Home\",\"item\":\"https:\/\/www.nf1pn.eu\/es\/\"},{\"@type\":\"ListItem\",\"position\":2,\"name\":\"Finalizar el registro\"}]},{\"@type\":\"WebSite\",\"@id\":\"https:\/\/www.nf1pn.eu\/es\/#website\",\"url\":\"https:\/\/www.nf1pn.eu\/es\/\",\"name\":\"Springworks\",\"description\":\"NF1-PN\",\"publisher\":{\"@id\":\"https:\/\/www.nf1pn.eu\/es\/#organization\"},\"potentialAction\":[{\"@type\":\"SearchAction\",\"target\":{\"@type\":\"EntryPoint\",\"urlTemplate\":\"https:\/\/www.nf1pn.eu\/es\/?s={search_term_string}\"},\"query-input\":{\"@type\":\"PropertyValueSpecification\",\"valueRequired\":true,\"valueName\":\"search_term_string\"}}],\"inLanguage\":\"es\"},{\"@type\":\"Organization\",\"@id\":\"https:\/\/www.nf1pn.eu\/es\/#organization\",\"name\":\"Springworks\",\"url\":\"https:\/\/www.nf1pn.eu\/es\/\",\"logo\":{\"@type\":\"ImageObject\",\"inLanguage\":\"es\",\"@id\":\"https:\/\/www.nf1pn.eu\/es\/#\/schema\/logo\/image\/\",\"url\":\"https:\/\/www.nf1pn.eu\/wp-content\/uploads\/2024\/07\/SWTX_Logo_White.svg\",\"contentUrl\":\"https:\/\/www.nf1pn.eu\/wp-content\/uploads\/2024\/07\/SWTX_Logo_White.svg\",\"caption\":\"Springworks\"},\"image\":{\"@id\":\"https:\/\/www.nf1pn.eu\/es\/#\/schema\/logo\/image\/\"}}]}<\/script>\n<!-- \/ Yoast SEO plugin. -->","yoast_head_json":{"title":"Finalizar el registro - Springworks","robots":{"index":"index","follow":"follow","max-snippet":"max-snippet:-1","max-image-preview":"max-image-preview:large","max-video-preview":"max-video-preview:-1"},"canonical":"https:\/\/www.nf1pn.eu\/es\/finalizar-el-registro\/","og_locale":"es_ES","og_type":"article","og_title":"Finalizar el registro - Springworks","og_url":"https:\/\/www.nf1pn.eu\/es\/finalizar-el-registro\/","og_site_name":"Springworks","article_modified_time":"2026-03-11T15:36:08+00:00","twitter_card":"summary_large_image","schema":{"@context":"https:\/\/schema.org","@graph":[{"@type":"WebPage","@id":"https:\/\/www.nf1pn.eu\/es\/finalizar-el-registro\/","url":"https:\/\/www.nf1pn.eu\/es\/finalizar-el-registro\/","name":"Finalizar el registro - Springworks","isPartOf":{"@id":"https:\/\/www.nf1pn.eu\/es\/#website"},"datePublished":"2025-03-19T10:54:38+00:00","dateModified":"2026-03-11T15:36:08+00:00","breadcrumb":{"@id":"https:\/\/www.nf1pn.eu\/es\/finalizar-el-registro\/#breadcrumb"},"inLanguage":"es","potentialAction":[{"@type":"ReadAction","target":["https:\/\/www.nf1pn.eu\/es\/finalizar-el-registro\/"]}]},{"@type":"BreadcrumbList","@id":"https:\/\/www.nf1pn.eu\/es\/finalizar-el-registro\/#breadcrumb","itemListElement":[{"@type":"ListItem","position":1,"name":"Home","item":"https:\/\/www.nf1pn.eu\/es\/"},{"@type":"ListItem","position":2,"name":"Finalizar el registro"}]},{"@type":"WebSite","@id":"https:\/\/www.nf1pn.eu\/es\/#website","url":"https:\/\/www.nf1pn.eu\/es\/","name":"Springworks","description":"NF1-PN","publisher":{"@id":"https:\/\/www.nf1pn.eu\/es\/#organization"},"potentialAction":[{"@type":"SearchAction","target":{"@type":"EntryPoint","urlTemplate":"https:\/\/www.nf1pn.eu\/es\/?s={search_term_string}"},"query-input":{"@type":"PropertyValueSpecification","valueRequired":true,"valueName":"search_term_string"}}],"inLanguage":"es"},{"@type":"Organization","@id":"https:\/\/www.nf1pn.eu\/es\/#organization","name":"Springworks","url":"https:\/\/www.nf1pn.eu\/es\/","logo":{"@type":"ImageObject","inLanguage":"es","@id":"https:\/\/www.nf1pn.eu\/es\/#\/schema\/logo\/image\/","url":"https:\/\/www.nf1pn.eu\/wp-content\/uploads\/2024\/07\/SWTX_Logo_White.svg","contentUrl":"https:\/\/www.nf1pn.eu\/wp-content\/uploads\/2024\/07\/SWTX_Logo_White.svg","caption":"Springworks"},"image":{"@id":"https:\/\/www.nf1pn.eu\/es\/#\/schema\/logo\/image\/"}}]}},"featured_image_src":null,"featured_image_src_square":null,"_links":{"self":[{"href":"https:\/\/www.nf1pn.eu\/es\/wp-json\/wp\/v2\/pages\/22097","targetHints":{"allow":["GET"]}}],"collection":[{"href":"https:\/\/www.nf1pn.eu\/es\/wp-json\/wp\/v2\/pages"}],"about":[{"href":"https:\/\/www.nf1pn.eu\/es\/wp-json\/wp\/v2\/types\/page"}],"author":[{"embeddable":true,"href":"https:\/\/www.nf1pn.eu\/es\/wp-json\/wp\/v2\/users\/4"}],"replies":[{"embeddable":true,"href":"https:\/\/www.nf1pn.eu\/es\/wp-json\/wp\/v2\/comments?post=22097"}],"version-history":[{"count":0,"href":"https:\/\/www.nf1pn.eu\/es\/wp-json\/wp\/v2\/pages\/22097\/revisions"}],"wp:attachment":[{"href":"https:\/\/www.nf1pn.eu\/es\/wp-json\/wp\/v2\/media?parent=22097"}],"curies":[{"name":"wp","href":"https:\/\/api.w.org\/{rel}","templated":true}]}}