{"id":21910,"date":"2025-08-12T12:48:51","date_gmt":"2025-08-12T12:48:51","guid":{"rendered":"https:\/\/www.nf1pn.eu\/iniciar-sesion\/"},"modified":"2026-03-11T15:36:13","modified_gmt":"2026-03-11T15:36:13","slug":"registrarse","status":"publish","type":"page","link":"https:\/\/www.nf1pn.eu\/es\/registrarse\/","title":{"rendered":"Registrarse"},"content":{"rendered":"\t\t<div data-elementor-type=\"wp-page\" data-elementor-id=\"21910\" class=\"elementor elementor-21910 elementor-21805\" data-elementor-post-type=\"page\">\n\t\t\t\t<div class=\"elementor-element elementor-element-765307d e-flex e-con-boxed e-con e-parent\" data-id=\"765307d\" data-element_type=\"container\">\n\t\t\t\t\t<div class=\"e-con-inner\">\n\t\t\t\t<div class=\"elementor-element elementor-element-5ff9410 elementor-widget elementor-widget-spacer\" data-id=\"5ff9410\" data-element_type=\"widget\" data-widget_type=\"spacer.default\">\n\t\t\t\t<div class=\"elementor-widget-container\">\n\t\t\t\t\t\t\t<div class=\"elementor-spacer\">\n\t\t\t<div class=\"elementor-spacer-inner\"><\/div>\n\t\t<\/div>\n\t\t\t\t\t\t<\/div>\n\t\t\t\t<\/div>\n\t\t<div class=\"elementor-element elementor-element-4254100 e-con-full e-flex e-con e-child\" data-id=\"4254100\" data-element_type=\"container\">\n\t\t\t\t<div class=\"elementor-element elementor-element-2d90a42 elementor-widget elementor-widget-text-editor\" data-id=\"2d90a42\" data-element_type=\"widget\" data-widget_type=\"text-editor.default\">\n\t\t\t\t<div class=\"elementor-widget-container\">\n\t\t\t\t\t\t\t\t\t<p><\/p><div id=\"cont-doccheck-login-form\">\r\n        <div class=\"auth-form\">\r\n            <div class=\"auth-form-header\">\r\n                <img decoding=\"async\" class=\"auth-form-logo\" src=\"\/wp-content\/uploads\/2025\/02\/doc-check-logo.png\">\r\n                <h1>Suscripci\u00f3n a actualizaciones <\/h1>\r\n            <\/div>\r\n            <div class=\"auth-form-body\">\r\n                <form method=\"post\" action=\"https:\/\/login.doccheck.com\" id=\"doccheck_login_form\" class=\"doccheck_login_form\">\r\n                    <input type=\"hidden\" name=\"return_uri\" value=\"https:\/\/www.nf1pn.eu\/de\/anmeldung-abschliessen\/\">\r\n                    <input type=\"hidden\" name=\"login_id\" value=\"2000000022433\">\r\n                    <input type=\"hidden\" name=\"strDcLanguage\" value=\"es_ES\">\r\n                    <input type=\"hidden\" name=\"m\" value=\"\">\r\n                    <!--input type=\"hidden\" name=\"intDcLanguageId\" value=\"134\"-->\r\n                   \r\n                    <div class=\"mb-5\">\r\n                        <p>\r\n                            Autentif\u00edquese a trav\u00e9s de DocCheck como miembro del personal m\u00e9dico especializado para recibir informaci\u00f3n actualizada sobre NF1-NP por correo electr\u00f3nico.<br \/>\r\nEl contenido solicitado est\u00e1 dirigido a profesionales sanitarios. \r\n                        <\/p>\r\n                    <\/div>\r\n                    <div>\r\n                        <label class=\"form-label\" for=\"username\">Nombre de usuario<\/label>\r\n                        <input type=\"text\" name=\"username\" id=\"email\" value=\"\" placeholder=\"Tu nombre de usuario DocCheck\" required>\r\n                    <\/div>\r\n                    <div>\r\n                        <label class=\"form-label\" for=\"password\">Contrase\u00f1a<\/label>\r\n                        <input type=\"password\" name=\"password\" id=\"password\" value=\"\" placeholder=\"Tu contrase\u00f1a de DocCheck\" required>\r\n                    <\/div>\r\n                    \r\n                    <input type=\"hidden\" id=\"doccheck_login_nonce\" name=\"doccheck_login_nonce\" value=\"e2fa1a7c75\" \/><input type=\"hidden\" name=\"_wp_http_referer\" value=\"\/es\/wp-json\/wp\/v2\/pages\/21910\" \/>                    <div class=\"mt-3 footer-button\">\r\n                        <a class=\"button button--default\" href=\"https:\/\/www.doccheck.com\/reset-password-request\">\u00bfOlvid\u00f3 su contrase\u00f1a?<\/a>\r\n                        <button type=\"submit\" class=\"button button--default submit-bottom-doccheck\" name=\"doccheck_login\">DocCheck\u00ae Login<\/button>\r\n                    <\/div>\r\n                <\/form>\r\n            <\/div>\r\n        <\/div>\r\n        <div class=\"auth-form-footer\">\r\n                <p>\r\n                    A\u00fan no estoy registrado.                    <br>\r\n                    Reg\u00edstrese ahora y disfrute de numerosas ventajas.                <\/p>\r\n                <div>\r\n                    <a  class=\"button button--default\" href=\"https:\/\/www.doccheck.com\/register\">Reg\u00edstrese ahora<\/a>\r\n                <\/div>\r\n        <\/div>\r\n    <\/div>\t\t\t\t\t\t\t\t<\/div>\n\t\t\t\t<\/div>\n\t\t\t\t<\/div>\n\t\t\t\t\t<\/div>\n\t\t\t\t<\/div>\n\t\t\t\t<\/div>\n\t\t","protected":false},"excerpt":{"rendered":"<p>Suscripci\u00f3n a actualizaciones Autentif\u00edquese a trav\u00e9s de DocCheck como miembro del personal m\u00e9dico especializado para recibir informaci\u00f3n actualizada sobre NF1-NP por correo electr\u00f3nico. El contenido solicitado est\u00e1 dirigido a profesionales sanitarios. Nombre de usuario Contrase\u00f1a \u00bfOlvid\u00f3 su contrase\u00f1a? DocCheck\u00ae Login A\u00fan no estoy registrado. Reg\u00edstrese ahora y disfrute de numerosas ventajas. Reg\u00edstrese ahora<\/p>\n","protected":false},"author":4,"featured_media":0,"parent":0,"menu_order":0,"comment_status":"closed","ping_status":"closed","template":"elementor_header_footer","meta":{"_acf_changed":true,"footnotes":""},"class_list":["post-21910","page","type-page","status-publish","hentry"],"acf":[],"yoast_head":"<!-- This site is optimized with the Yoast SEO plugin v26.1.1 - https:\/\/yoast.com\/wordpress\/plugins\/seo\/ -->\n<title>NF1-NP: Registro para actualizaciones | SpringWorks Therapeutics<\/title>\n<meta name=\"description\" content=\"Reg\u00edstrese en nuestra plataforma especializada para recibir contenido exclusivo de expertos de renombre y mantenerse informado sobre los tumores desmoides.\" \/>\n<meta name=\"robots\" content=\"index, follow, max-snippet:-1, max-image-preview:large, max-video-preview:-1\" \/>\n<link rel=\"canonical\" href=\"https:\/\/www.nf1pn.eu\/es\/registrarse\/\" \/>\n<meta property=\"og:locale\" content=\"es_ES\" \/>\n<meta property=\"og:type\" content=\"article\" \/>\n<meta property=\"og:title\" content=\"NF1-NP: Registro para actualizaciones | SpringWorks Therapeutics\" \/>\n<meta property=\"og:description\" content=\"Reg\u00edstrese en nuestra plataforma especializada para recibir contenido exclusivo de expertos de renombre y mantenerse informado sobre los tumores desmoides.\" \/>\n<meta property=\"og:url\" content=\"https:\/\/www.nf1pn.eu\/es\/registrarse\/\" \/>\n<meta property=\"og:site_name\" content=\"Springworks\" \/>\n<meta property=\"article:modified_time\" content=\"2026-03-11T15:36:13+00:00\" \/>\n<meta name=\"twitter:card\" content=\"summary_large_image\" \/>\n<meta name=\"twitter:label1\" content=\"Est. reading time\" \/>\n\t<meta name=\"twitter:data1\" content=\"1 minuto\" \/>\n<script type=\"application\/ld+json\" class=\"yoast-schema-graph\">{\"@context\":\"https:\/\/schema.org\",\"@graph\":[{\"@type\":\"WebPage\",\"@id\":\"https:\/\/www.nf1pn.eu\/es\/registrarse\/\",\"url\":\"https:\/\/www.nf1pn.eu\/es\/registrarse\/\",\"name\":\"NF1-NP: Registro para actualizaciones | SpringWorks Therapeutics\",\"isPartOf\":{\"@id\":\"https:\/\/www.nf1pn.eu\/es\/#website\"},\"datePublished\":\"2025-08-12T12:48:51+00:00\",\"dateModified\":\"2026-03-11T15:36:13+00:00\",\"description\":\"Reg\u00edstrese en nuestra plataforma especializada para recibir contenido exclusivo de expertos de renombre y mantenerse informado sobre los tumores desmoides.\",\"breadcrumb\":{\"@id\":\"https:\/\/www.nf1pn.eu\/es\/registrarse\/#breadcrumb\"},\"inLanguage\":\"es\",\"potentialAction\":[{\"@type\":\"ReadAction\",\"target\":[\"https:\/\/www.nf1pn.eu\/es\/registrarse\/\"]}]},{\"@type\":\"BreadcrumbList\",\"@id\":\"https:\/\/www.nf1pn.eu\/es\/registrarse\/#breadcrumb\",\"itemListElement\":[{\"@type\":\"ListItem\",\"position\":1,\"name\":\"Home\",\"item\":\"https:\/\/www.nf1pn.eu\/es\/\"},{\"@type\":\"ListItem\",\"position\":2,\"name\":\"Registrarse\"}]},{\"@type\":\"WebSite\",\"@id\":\"https:\/\/www.nf1pn.eu\/es\/#website\",\"url\":\"https:\/\/www.nf1pn.eu\/es\/\",\"name\":\"Springworks\",\"description\":\"NF1-PN\",\"publisher\":{\"@id\":\"https:\/\/www.nf1pn.eu\/es\/#organization\"},\"potentialAction\":[{\"@type\":\"SearchAction\",\"target\":{\"@type\":\"EntryPoint\",\"urlTemplate\":\"https:\/\/www.nf1pn.eu\/es\/?s={search_term_string}\"},\"query-input\":{\"@type\":\"PropertyValueSpecification\",\"valueRequired\":true,\"valueName\":\"search_term_string\"}}],\"inLanguage\":\"es\"},{\"@type\":\"Organization\",\"@id\":\"https:\/\/www.nf1pn.eu\/es\/#organization\",\"name\":\"Springworks\",\"url\":\"https:\/\/www.nf1pn.eu\/es\/\",\"logo\":{\"@type\":\"ImageObject\",\"inLanguage\":\"es\",\"@id\":\"https:\/\/www.nf1pn.eu\/es\/#\/schema\/logo\/image\/\",\"url\":\"https:\/\/www.nf1pn.eu\/wp-content\/uploads\/2024\/07\/SWTX_Logo_White.svg\",\"contentUrl\":\"https:\/\/www.nf1pn.eu\/wp-content\/uploads\/2024\/07\/SWTX_Logo_White.svg\",\"caption\":\"Springworks\"},\"image\":{\"@id\":\"https:\/\/www.nf1pn.eu\/es\/#\/schema\/logo\/image\/\"}}]}<\/script>\n<!-- \/ Yoast SEO plugin. -->","yoast_head_json":{"title":"NF1-NP: Registro para actualizaciones | SpringWorks Therapeutics","description":"Reg\u00edstrese en nuestra plataforma especializada para recibir contenido exclusivo de expertos de renombre y mantenerse informado sobre los tumores desmoides.","robots":{"index":"index","follow":"follow","max-snippet":"max-snippet:-1","max-image-preview":"max-image-preview:large","max-video-preview":"max-video-preview:-1"},"canonical":"https:\/\/www.nf1pn.eu\/es\/registrarse\/","og_locale":"es_ES","og_type":"article","og_title":"NF1-NP: Registro para actualizaciones | SpringWorks Therapeutics","og_description":"Reg\u00edstrese en nuestra plataforma especializada para recibir contenido exclusivo de expertos de renombre y mantenerse informado sobre los tumores desmoides.","og_url":"https:\/\/www.nf1pn.eu\/es\/registrarse\/","og_site_name":"Springworks","article_modified_time":"2026-03-11T15:36:13+00:00","twitter_card":"summary_large_image","twitter_misc":{"Est. reading time":"1 minuto"},"schema":{"@context":"https:\/\/schema.org","@graph":[{"@type":"WebPage","@id":"https:\/\/www.nf1pn.eu\/es\/registrarse\/","url":"https:\/\/www.nf1pn.eu\/es\/registrarse\/","name":"NF1-NP: Registro para actualizaciones | SpringWorks Therapeutics","isPartOf":{"@id":"https:\/\/www.nf1pn.eu\/es\/#website"},"datePublished":"2025-08-12T12:48:51+00:00","dateModified":"2026-03-11T15:36:13+00:00","description":"Reg\u00edstrese en nuestra plataforma especializada para recibir contenido exclusivo de expertos de renombre y mantenerse informado sobre los tumores desmoides.","breadcrumb":{"@id":"https:\/\/www.nf1pn.eu\/es\/registrarse\/#breadcrumb"},"inLanguage":"es","potentialAction":[{"@type":"ReadAction","target":["https:\/\/www.nf1pn.eu\/es\/registrarse\/"]}]},{"@type":"BreadcrumbList","@id":"https:\/\/www.nf1pn.eu\/es\/registrarse\/#breadcrumb","itemListElement":[{"@type":"ListItem","position":1,"name":"Home","item":"https:\/\/www.nf1pn.eu\/es\/"},{"@type":"ListItem","position":2,"name":"Registrarse"}]},{"@type":"WebSite","@id":"https:\/\/www.nf1pn.eu\/es\/#website","url":"https:\/\/www.nf1pn.eu\/es\/","name":"Springworks","description":"NF1-PN","publisher":{"@id":"https:\/\/www.nf1pn.eu\/es\/#organization"},"potentialAction":[{"@type":"SearchAction","target":{"@type":"EntryPoint","urlTemplate":"https:\/\/www.nf1pn.eu\/es\/?s={search_term_string}"},"query-input":{"@type":"PropertyValueSpecification","valueRequired":true,"valueName":"search_term_string"}}],"inLanguage":"es"},{"@type":"Organization","@id":"https:\/\/www.nf1pn.eu\/es\/#organization","name":"Springworks","url":"https:\/\/www.nf1pn.eu\/es\/","logo":{"@type":"ImageObject","inLanguage":"es","@id":"https:\/\/www.nf1pn.eu\/es\/#\/schema\/logo\/image\/","url":"https:\/\/www.nf1pn.eu\/wp-content\/uploads\/2024\/07\/SWTX_Logo_White.svg","contentUrl":"https:\/\/www.nf1pn.eu\/wp-content\/uploads\/2024\/07\/SWTX_Logo_White.svg","caption":"Springworks"},"image":{"@id":"https:\/\/www.nf1pn.eu\/es\/#\/schema\/logo\/image\/"}}]}},"featured_image_src":null,"featured_image_src_square":null,"_links":{"self":[{"href":"https:\/\/www.nf1pn.eu\/es\/wp-json\/wp\/v2\/pages\/21910","targetHints":{"allow":["GET"]}}],"collection":[{"href":"https:\/\/www.nf1pn.eu\/es\/wp-json\/wp\/v2\/pages"}],"about":[{"href":"https:\/\/www.nf1pn.eu\/es\/wp-json\/wp\/v2\/types\/page"}],"author":[{"embeddable":true,"href":"https:\/\/www.nf1pn.eu\/es\/wp-json\/wp\/v2\/users\/4"}],"replies":[{"embeddable":true,"href":"https:\/\/www.nf1pn.eu\/es\/wp-json\/wp\/v2\/comments?post=21910"}],"version-history":[{"count":0,"href":"https:\/\/www.nf1pn.eu\/es\/wp-json\/wp\/v2\/pages\/21910\/revisions"}],"wp:attachment":[{"href":"https:\/\/www.nf1pn.eu\/es\/wp-json\/wp\/v2\/media?parent=21910"}],"curies":[{"name":"wp","href":"https:\/\/api.w.org\/{rel}","templated":true}]}}