{"id":21848,"date":"2025-08-12T12:48:51","date_gmt":"2025-08-12T12:48:51","guid":{"rendered":"https:\/\/www.nf1pn.eu\/?page_id=21848"},"modified":"2026-03-11T15:12:20","modified_gmt":"2026-03-11T15:12:20","slug":"anmeldung","status":"publish","type":"page","link":"https:\/\/www.nf1pn.eu\/de\/anmeldung\/","title":{"rendered":"Anmeldung"},"content":{"rendered":"\t\t<div data-elementor-type=\"wp-page\" data-elementor-id=\"21848\" class=\"elementor elementor-21848 elementor-21805\" data-elementor-post-type=\"page\">\n\t\t\t\t<div class=\"elementor-element elementor-element-765307d e-flex e-con-boxed e-con e-parent\" data-id=\"765307d\" data-element_type=\"container\">\n\t\t\t\t\t<div class=\"e-con-inner\">\n\t\t\t\t<div class=\"elementor-element elementor-element-5ff9410 elementor-widget elementor-widget-spacer\" data-id=\"5ff9410\" data-element_type=\"widget\" data-widget_type=\"spacer.default\">\n\t\t\t\t<div class=\"elementor-widget-container\">\n\t\t\t\t\t\t\t<div class=\"elementor-spacer\">\n\t\t\t<div class=\"elementor-spacer-inner\"><\/div>\n\t\t<\/div>\n\t\t\t\t\t\t<\/div>\n\t\t\t\t<\/div>\n\t\t<div class=\"elementor-element elementor-element-4254100 e-con-full e-flex e-con e-child\" data-id=\"4254100\" data-element_type=\"container\">\n\t\t\t\t<div class=\"elementor-element elementor-element-2d90a42 elementor-widget elementor-widget-text-editor\" data-id=\"2d90a42\" data-element_type=\"widget\" data-widget_type=\"text-editor.default\">\n\t\t\t\t<div class=\"elementor-widget-container\">\n\t\t\t\t\t\t\t\t\t<p><\/p><div id=\"cont-doccheck-login-form\">\r\n        <div class=\"auth-form\">\r\n            <div class=\"auth-form-header\">\r\n                <img decoding=\"async\" class=\"auth-form-logo\" src=\"\/wp-content\/uploads\/2025\/02\/doc-check-logo.png\">\r\n                <h1>Anmeldung f\u00fcr Updates <\/h1>\r\n            <\/div>\r\n            <div class=\"auth-form-body\">\r\n                <form method=\"post\" action=\"https:\/\/login.doccheck.com\" id=\"doccheck_login_form\" class=\"doccheck_login_form\">\r\n                    <input type=\"hidden\" name=\"return_uri\" value=\"https:\/\/www.nf1pn.eu\/de\/anmeldung-abschliessen\/\">\r\n                    <input type=\"hidden\" name=\"login_id\" value=\"2000000022433\">\r\n                    <input type=\"hidden\" name=\"strDcLanguage\" value=\"de_DE\">\r\n                    <input type=\"hidden\" name=\"m\" value=\"\">\r\n                    <!--input type=\"hidden\" name=\"intDcLanguageId\" value=\"134\"-->\r\n                   \r\n                    <div class=\"mb-5\">\r\n                        <p>\r\n                            Bitte authentifizieren Sie sich \u00fcber DocCheck als Angeh\u00f6rige(r) medizinischen Fachpersonals, um aktuelle Informationen \u00fcber NF1-PN von uns per E-Mail zu erhalten.<br \/>\r\nDer gew\u00fcnschte Inhalt richtet sich an Fachkreise. \r\n                        <\/p>\r\n                    <\/div>\r\n                    <div>\r\n                        <label class=\"form-label\" for=\"username\">Benutzername<\/label>\r\n                        <input type=\"text\" name=\"username\" id=\"email\" value=\"\" placeholder=\"Ihr DocCheck Nutzername\" required>\r\n                    <\/div>\r\n                    <div>\r\n                        <label class=\"form-label\" for=\"password\">Passwort<\/label>\r\n                        <input type=\"password\" name=\"password\" id=\"password\" value=\"\" placeholder=\"Ihr DocCheck Passwort\" required>\r\n                    <\/div>\r\n                    \r\n                    <input type=\"hidden\" id=\"doccheck_login_nonce\" name=\"doccheck_login_nonce\" value=\"289e1556f7\" \/><input type=\"hidden\" name=\"_wp_http_referer\" value=\"\/de\/wp-json\/wp\/v2\/pages\/21848\" \/>                    <div class=\"mt-3 footer-button\">\r\n                        <a class=\"button button--default\" href=\"https:\/\/www.doccheck.com\/reset-password-request\">Passwort vergessen?<\/a>\r\n                        <button type=\"submit\" class=\"button button--default submit-bottom-doccheck\" name=\"doccheck_login\">DocCheck Authentifizierung<\/button>\r\n                    <\/div>\r\n                <\/form>\r\n            <\/div>\r\n        <\/div>\r\n        <div class=\"auth-form-footer\">\r\n                <p>\r\n                    Ich bin noch nicht bei DocCheck registriert.                    <br>\r\n                    Jetzt registrieren und von vielen Vorteilen profitieren.                <\/p>\r\n                <div>\r\n                    <a  class=\"button button--default\" href=\"https:\/\/www.doccheck.com\/register\">Jetzt registrieren<\/a>\r\n                <\/div>\r\n        <\/div>\r\n    <\/div>\t\t\t\t\t\t\t\t<\/div>\n\t\t\t\t<\/div>\n\t\t\t\t<\/div>\n\t\t\t\t\t<\/div>\n\t\t\t\t<\/div>\n\t\t\t\t<\/div>\n\t\t","protected":false},"excerpt":{"rendered":"","protected":false},"author":4,"featured_media":0,"parent":0,"menu_order":0,"comment_status":"closed","ping_status":"closed","template":"elementor_header_footer","meta":{"_acf_changed":true,"footnotes":""},"class_list":["post-21848","page","type-page","status-publish","hentry"],"acf":[],"yoast_head":"<!-- This site is optimized with the Yoast SEO plugin v26.1.1 - https:\/\/yoast.com\/wordpress\/plugins\/seo\/ -->\n<title>NF1-PN: Anmeldung f\u00fcr Updates | SpringWorks Therapeutics<\/title>\n<meta name=\"robots\" content=\"index, follow, max-snippet:-1, max-image-preview:large, max-video-preview:-1\" \/>\n<link rel=\"canonical\" href=\"https:\/\/www.nf1pn.eu\/de\/anmeldung\/\" \/>\n<meta property=\"og:locale\" content=\"de_DE\" \/>\n<meta property=\"og:type\" content=\"article\" \/>\n<meta property=\"og:title\" content=\"NF1-PN: Anmeldung f\u00fcr Updates | SpringWorks Therapeutics\" \/>\n<meta property=\"og:url\" content=\"https:\/\/www.nf1pn.eu\/de\/anmeldung\/\" \/>\n<meta property=\"og:site_name\" content=\"Springworks\" \/>\n<meta property=\"article:modified_time\" content=\"2026-03-11T15:12:20+00:00\" \/>\n<meta name=\"twitter:card\" content=\"summary_large_image\" \/>\n<script type=\"application\/ld+json\" class=\"yoast-schema-graph\">{\"@context\":\"https:\/\/schema.org\",\"@graph\":[{\"@type\":\"WebPage\",\"@id\":\"https:\/\/www.nf1pn.eu\/de\/anmeldung\/\",\"url\":\"https:\/\/www.nf1pn.eu\/de\/anmeldung\/\",\"name\":\"NF1-PN: Anmeldung f\u00fcr Updates | SpringWorks Therapeutics\",\"isPartOf\":{\"@id\":\"https:\/\/www.nf1pn.eu\/de\/#website\"},\"datePublished\":\"2025-08-12T12:48:51+00:00\",\"dateModified\":\"2026-03-11T15:12:20+00:00\",\"breadcrumb\":{\"@id\":\"https:\/\/www.nf1pn.eu\/de\/anmeldung\/#breadcrumb\"},\"inLanguage\":\"de\",\"potentialAction\":[{\"@type\":\"ReadAction\",\"target\":[\"https:\/\/www.nf1pn.eu\/de\/anmeldung\/\"]}]},{\"@type\":\"BreadcrumbList\",\"@id\":\"https:\/\/www.nf1pn.eu\/de\/anmeldung\/#breadcrumb\",\"itemListElement\":[{\"@type\":\"ListItem\",\"position\":1,\"name\":\"Home\",\"item\":\"https:\/\/www.nf1pn.eu\/de\/\"},{\"@type\":\"ListItem\",\"position\":2,\"name\":\"Anmeldung\"}]},{\"@type\":\"WebSite\",\"@id\":\"https:\/\/www.nf1pn.eu\/de\/#website\",\"url\":\"https:\/\/www.nf1pn.eu\/de\/\",\"name\":\"Springworks\",\"description\":\"NF1PN\",\"publisher\":{\"@id\":\"https:\/\/www.nf1pn.eu\/de\/#organization\"},\"potentialAction\":[{\"@type\":\"SearchAction\",\"target\":{\"@type\":\"EntryPoint\",\"urlTemplate\":\"https:\/\/www.nf1pn.eu\/de\/?s={search_term_string}\"},\"query-input\":{\"@type\":\"PropertyValueSpecification\",\"valueRequired\":true,\"valueName\":\"search_term_string\"}}],\"inLanguage\":\"de\"},{\"@type\":\"Organization\",\"@id\":\"https:\/\/www.nf1pn.eu\/de\/#organization\",\"name\":\"Springworks\",\"url\":\"https:\/\/www.nf1pn.eu\/de\/\",\"logo\":{\"@type\":\"ImageObject\",\"inLanguage\":\"de\",\"@id\":\"https:\/\/www.nf1pn.eu\/de\/#\/schema\/logo\/image\/\",\"url\":\"https:\/\/www.nf1pn.eu\/wp-content\/uploads\/2024\/07\/SWTX_Logo_White.svg\",\"contentUrl\":\"https:\/\/www.nf1pn.eu\/wp-content\/uploads\/2024\/07\/SWTX_Logo_White.svg\",\"caption\":\"Springworks\"},\"image\":{\"@id\":\"https:\/\/www.nf1pn.eu\/de\/#\/schema\/logo\/image\/\"}}]}<\/script>\n<!-- \/ Yoast SEO plugin. -->","yoast_head_json":{"title":"NF1-PN: Anmeldung f\u00fcr Updates | SpringWorks Therapeutics","robots":{"index":"index","follow":"follow","max-snippet":"max-snippet:-1","max-image-preview":"max-image-preview:large","max-video-preview":"max-video-preview:-1"},"canonical":"https:\/\/www.nf1pn.eu\/de\/anmeldung\/","og_locale":"de_DE","og_type":"article","og_title":"NF1-PN: Anmeldung f\u00fcr Updates | SpringWorks Therapeutics","og_url":"https:\/\/www.nf1pn.eu\/de\/anmeldung\/","og_site_name":"Springworks","article_modified_time":"2026-03-11T15:12:20+00:00","twitter_card":"summary_large_image","schema":{"@context":"https:\/\/schema.org","@graph":[{"@type":"WebPage","@id":"https:\/\/www.nf1pn.eu\/de\/anmeldung\/","url":"https:\/\/www.nf1pn.eu\/de\/anmeldung\/","name":"NF1-PN: Anmeldung f\u00fcr Updates | SpringWorks Therapeutics","isPartOf":{"@id":"https:\/\/www.nf1pn.eu\/de\/#website"},"datePublished":"2025-08-12T12:48:51+00:00","dateModified":"2026-03-11T15:12:20+00:00","breadcrumb":{"@id":"https:\/\/www.nf1pn.eu\/de\/anmeldung\/#breadcrumb"},"inLanguage":"de","potentialAction":[{"@type":"ReadAction","target":["https:\/\/www.nf1pn.eu\/de\/anmeldung\/"]}]},{"@type":"BreadcrumbList","@id":"https:\/\/www.nf1pn.eu\/de\/anmeldung\/#breadcrumb","itemListElement":[{"@type":"ListItem","position":1,"name":"Home","item":"https:\/\/www.nf1pn.eu\/de\/"},{"@type":"ListItem","position":2,"name":"Anmeldung"}]},{"@type":"WebSite","@id":"https:\/\/www.nf1pn.eu\/de\/#website","url":"https:\/\/www.nf1pn.eu\/de\/","name":"Springworks","description":"NF1PN","publisher":{"@id":"https:\/\/www.nf1pn.eu\/de\/#organization"},"potentialAction":[{"@type":"SearchAction","target":{"@type":"EntryPoint","urlTemplate":"https:\/\/www.nf1pn.eu\/de\/?s={search_term_string}"},"query-input":{"@type":"PropertyValueSpecification","valueRequired":true,"valueName":"search_term_string"}}],"inLanguage":"de"},{"@type":"Organization","@id":"https:\/\/www.nf1pn.eu\/de\/#organization","name":"Springworks","url":"https:\/\/www.nf1pn.eu\/de\/","logo":{"@type":"ImageObject","inLanguage":"de","@id":"https:\/\/www.nf1pn.eu\/de\/#\/schema\/logo\/image\/","url":"https:\/\/www.nf1pn.eu\/wp-content\/uploads\/2024\/07\/SWTX_Logo_White.svg","contentUrl":"https:\/\/www.nf1pn.eu\/wp-content\/uploads\/2024\/07\/SWTX_Logo_White.svg","caption":"Springworks"},"image":{"@id":"https:\/\/www.nf1pn.eu\/de\/#\/schema\/logo\/image\/"}}]}},"featured_image_src":null,"featured_image_src_square":null,"_links":{"self":[{"href":"https:\/\/www.nf1pn.eu\/de\/wp-json\/wp\/v2\/pages\/21848","targetHints":{"allow":["GET"]}}],"collection":[{"href":"https:\/\/www.nf1pn.eu\/de\/wp-json\/wp\/v2\/pages"}],"about":[{"href":"https:\/\/www.nf1pn.eu\/de\/wp-json\/wp\/v2\/types\/page"}],"author":[{"embeddable":true,"href":"https:\/\/www.nf1pn.eu\/de\/wp-json\/wp\/v2\/users\/4"}],"replies":[{"embeddable":true,"href":"https:\/\/www.nf1pn.eu\/de\/wp-json\/wp\/v2\/comments?post=21848"}],"version-history":[{"count":0,"href":"https:\/\/www.nf1pn.eu\/de\/wp-json\/wp\/v2\/pages\/21848\/revisions"}],"wp:attachment":[{"href":"https:\/\/www.nf1pn.eu\/de\/wp-json\/wp\/v2\/media?parent=21848"}],"curies":[{"name":"wp","href":"https:\/\/api.w.org\/{rel}","templated":true}]}}