{"id":21341,"date":"2025-03-19T10:54:38","date_gmt":"2025-03-19T10:54:38","guid":{"rendered":"https:\/\/site-euspringworks-live-1721707192-jq9cikhfcu2uwhr.local\/?page_id=21341"},"modified":"2026-03-11T15:12:18","modified_gmt":"2026-03-11T15:12:18","slug":"anmeldung-abschliessen","status":"publish","type":"page","link":"https:\/\/www.nf1pn.eu\/de\/anmeldung-abschliessen\/","title":{"rendered":"Anmeldung Abschliessen"},"content":{"rendered":"\t\t<div data-elementor-type=\"wp-page\" data-elementor-id=\"21341\" class=\"elementor elementor-21341\" data-elementor-post-type=\"page\">\n\t\t\t\t<div class=\"elementor-element elementor-element-e906357 e-flex e-con-boxed e-con e-parent\" data-id=\"e906357\" data-element_type=\"container\">\n\t\t\t\t\t<div class=\"e-con-inner\">\n\t\t\t\t<div class=\"elementor-element elementor-element-0c38592 elementor-widget elementor-widget-spacer\" data-id=\"0c38592\" data-element_type=\"widget\" data-widget_type=\"spacer.default\">\n\t\t\t\t<div class=\"elementor-widget-container\">\n\t\t\t\t\t\t\t<div class=\"elementor-spacer\">\n\t\t\t<div class=\"elementor-spacer-inner\"><\/div>\n\t\t<\/div>\n\t\t\t\t\t\t<\/div>\n\t\t\t\t<\/div>\n\t\t<div class=\"elementor-element elementor-element-26775e7 e-con-full e-flex e-con e-child\" data-id=\"26775e7\" data-element_type=\"container\">\n\t\t\t\t<div class=\"elementor-element elementor-element-59be3a4 elementor-widget elementor-widget-text-editor\" data-id=\"59be3a4\" data-element_type=\"widget\" data-widget_type=\"text-editor.default\">\n\t\t\t\t<div class=\"elementor-widget-container\">\n\t\t\t\t\t\t\t\t\t<div id=\"cont-doccheck-login-form\">\r\n        <div class=\"auth-form\">\r\n            <div class=\"auth-form-header\">\r\n                <h1>Vervollst\u00e4ndigen Sie die Anmeldung<\/h1>\r\n            <\/div>\r\n            <div class=\"auth-form-body\">\r\n                <form method=\"post\" action=\"\">\r\n                    <div>\r\n                        <label for=\"email\" class=\"form-label\">Email<sup>*<\/sup><\/label>\r\n                        <input type=\"email\" name=\"email\" id=\"email\" value=\"\" required>\r\n                    <\/div>\r\n                    <div>\r\n                        <label for=\"first_name\" class=\"form-label\">Vorname<sup>*<\/sup><\/label>\r\n                        <input type=\"text\" name=\"first_name\" id=\"first_name\" value=\"\" required=\"required\">\r\n                    <\/div>\r\n                    <div>\r\n                        <label for=\"last_name\" class=\"form-label\">Nachname<sup>*<\/sup><\/label>\r\n                        <input type=\"text\" name=\"last_name\" id=\"last_name\" value=\"\" required=\"required\">\r\n                    <\/div>\r\n                    <div style=\"display:none\">\r\n                        <label for=\"display_name\">Display Name:<\/label>\r\n                        <input type=\"text\" name=\"display_name\" id=\"display_name\" value=\"\">\r\n                    <\/div>\r\n                    <div>\r\n                        <label class=\"form-label\" for=\"field_67c9861e015df\">Land ausw\u00e4hlen<sup>*<\/sup><\/label>\r\n                        <br>\r\n                        <select name=\"field_67c9861e015df\" required=\"required\" class=\"required\" placeholder=\"Country\">\r\n                            <option value=\"\" style=\"color:#cccc;\">Country<\/option>\r\n                            <option value=\"at\">Austria<\/option><option value=\"be\">Belgium<\/option><option value=\"bg\">Bulgaria<\/option><option value=\"hr\">Croatia<\/option><option value=\"cy\">Cyprus<\/option><option value=\"cz\">Czechia<\/option><option value=\"dk\">Denmark<\/option><option value=\"ee\">Estonia<\/option><option value=\"fi\">Finland<\/option><option value=\"fr\">France<\/option><option value=\"de\">Germany<\/option><option value=\"el\">Greece<\/option><option value=\"hu\">Hungary<\/option><option value=\"ie\">Ireland<\/option><option value=\"it\">Italy<\/option><option value=\"lv\">Latvia<\/option><option value=\"lt\">Lithuania<\/option><option value=\"lu\">Luxembourg<\/option><option value=\"mt\">Malta<\/option><option value=\"nl\">Netherlands<\/option><option value=\"pl\">Poland<\/option><option value=\"pt\">Portugal<\/option><option value=\"ro\">Romania<\/option><option value=\"sk\">Slovakia<\/option><option value=\"si\">Slovenia<\/option><option value=\"es\">Spain<\/option><option value=\"se\">Sweden<\/option>                        <\/select>\r\n                    <\/div>\r\n                    <div>\r\n                        <label class=\"form-label\" for=\"field_678f63d2456f9\">W\u00e4hlen Sie Ihr Fachgebiet<sup>*<\/sup><\/label>\r\n                        <br>\r\n                        <label class=\"option\"><input type=\"radio\" name=\"field_678f63d2456f9\" required=\"required\" value=\"100\" >Onkologie<\/label><label class=\"option\"><input type=\"radio\" name=\"field_678f63d2456f9\" required=\"required\" value=\"101\" >Chirurgie<\/label><label class=\"option\"><input type=\"radio\" name=\"field_678f63d2456f9\" required=\"required\" value=\"105\" >Neurologie<\/label><label class=\"option\"><input type=\"radio\" name=\"field_678f63d2456f9\" required=\"required\" value=\"106\" >Dermatologie<\/label><label class=\"option\"><input type=\"radio\" name=\"field_678f63d2456f9\" required=\"required\" value=\"999\" >Anderes<\/label>                    <\/div>\r\n\r\n                    <div id=\"other-spec-div\" class=\"hide-other-info mt-3\">\r\n                        <label class=\"form-label\" for=\"field_678f7b4caa7d0\">Bitte Fachgebiet angeben:<\/label>\r\n                        <textarea name=\"field_678f7b4caa7d0\" id=\"field_678f7b4caa7d0\" class=\"form-control\" ><\/textarea>\r\n                    <\/div>\r\n                    <div class=\"mt-3\">\r\n                        <input required=\"required\" type=\"checkbox\" name=\"field_67d33c95f72e6\" id=\"field_67d33c95f72e6\" value=\"yes\">\r\n                        <label class=\"text-consent\" for=\"field_67d33c95f72e6\">Ich willige ein, dass die SpringWorks Therapeutics, ein Healthcare-Unternehmen von Merck, sowie <a href=\"https:\/\/www.merckgroup.com\/en\/locations.html?p=1\" target=\"_blank\">Unternehmen der Merck Healthcare<\/a> (\u201eSpringWorks\u201c), meine personenbezogenen Daten (d.h. Name, Titel bzw. akademischer Grad, Praxis bzw. Arbeitsst\u00e4tte, Adresse, E-Mail-Adresse, Telefon, T\u00e4tigkeitsschwerpunkt\/Fachrichtung) f\u00fcr die Zusendung von Informationen \u00fcber das Unternehmen, medizinische Aspekte (auch \u00fcber unsere Produkte) oder Veranstaltungen erhebt, verarbeitet und nutzt. Soweit dies f\u00fcr die soeben genannten Zwecke erforderlich ist, werden meine personenbezogenen Daten bei SpringWorks erfasst und in deren Auftrag in einer globalen Datenbank der Merck KGaA, Frankfurter Str. 250, 64293 Darmstadt gespeichert. Diese Datenbank wird von der Merck KGaA sowie den mit ihr verbundenen Unternehmen administriert. Dabei kann es auch zu Zugriffen aus L\u00e4ndern au\u00dferhalb des Geltungsbereichs des europ\u00e4ischen Datenschutzes kommen, die kein vergleichbares Datenschutzniveau aufweisen. SpringWorks trifft insoweit die gesetzlich erforderlichen Ma\u00dfnahmen, z.B. durch den Einsatz von durch die EU genehmigten Standardvertragsklauseln. Die Daten werden gespeichert, solange ich der Verarbeitung nicht widerspreche. Ich werde postalisch (z.B. Zusendung von Brosch\u00fcren), telefonisch oder nachrichtlich kontaktiert, sofern ich dem nicht widerspreche. Au\u00dferdem willige ich ein, dass ich per E-Mail und\/oder per Fax kontaktiert werde. Zutreffendes habe ich bereits in den daf\u00fcr vorgesehenen Feldern eingetragen bzw. eintragen lassen. F\u00fcr E-Mails gilt: Zur Versendung von E-Mails verwenden wir Anwendungen, die von <a href=\"https:\/\/www.salesforce.com\/\" target=\"_blank\">Salesforce.com<\/a> und <a href=\"https:\/\/www.veeva.com\/products\/crm-suite\/\" target=\"_blank\">Veeva CRM<\/a> in unserem Auftrag bereitgestellt und betrieben wird. Dabei kann es zu einer Verarbeitung personenbezogener Daten in L\u00e4ndern au\u00dferhalb des Geltungsbereichs des europ\u00e4ischen Datenschutzes kommen, die kein vergleichbares Datenschutzniveau aufweisen. Wir werden die daf\u00fcr erforderlichen gesetzlichen Vorkehrungen zum Schutz Ihrer Daten treffen, z.B. durch den Einsatz von durch die EU genehmigten Standardvertragsklauseln. Um unser Angebot insgesamt verbessern zu k\u00f6nnen und Sie gezielt \u00fcber f\u00fcr Sie interessante Themen informieren zu k\u00f6nnen, wird Ihre Nutzung unserer E-Mails gespeichert und ausgewertet.            <br><strong>Meine Rechte:<\/strong> Ich kann diese Einwilligung jederzeit mit Wirkung f\u00fcr die Zukunft ganz oder teilweise widerrufen. In diesem Fall werden die gespeicherten Daten nicht mehr f\u00fcr die oben genannten Zwecke genutzt. Sie werden nur noch gespeichert, soweit dies f\u00fcr die Beachtung der Entscheidung zum Widerruf erforderlich ist. Dar\u00fcber hinaus habe ich das Recht auf Auskunft \u00fcber die zu mir gespeicherten Daten, wenn berechtigt auf Berichtigung oder L\u00f6schung bzw. Einschr\u00e4nkung der Verarbeitung sowie das Recht auf Daten\u00fcbertragbarkeit. Wenn Ihre personenbezogenen Daten in ein Land au\u00dferhalb der EU \u00fcbermittelt werden, das keinen angemessenen Datenschutz bietet, k\u00f6nnen Sie eine Kopie des Vertrags verlangen, durch den der angemessene Schutz Ihrer personenbezogenen Daten gew\u00e4hrleistet wird. Um meine Rechte geltend zu machen, kann ich meinen zust\u00e4ndigen Au\u00dfendienstmitarbeiter oder den Datenschutzbeauftragten von SpringWorks kontaktieren <a href=\"mailto:SpringWorks@HewardMills.com\">SpringWorks@HewardMills.com<\/a>. Davon unber\u00fchrt bleibt mein Recht mich an die zust\u00e4ndige Aufsichtsbeh\u00f6rde zu wenden, falls ich Bedenken zu der Verarbeitung meiner Daten habe: Der Hessische Datenschutzbeauftragte, Gustav-Stresemann-Ring 1, 65189 Wiesbaden, Postfach 31 63, 65021 Wiesbaden,<a href=\"mailto:poststelle@datenschutz.hessen.de\"> poststelle@datenschutz.hessen.de.<\/a><br>Rechtsgrundlage: Art. 6 Abs. 1 lit. a) DSGVO      <\/label>\r\n                    <\/div>\r\n                    <input type=\"hidden\" id=\"edit_profile_nonce\" name=\"edit_profile_nonce\" value=\"a0c0dad659\" \/><input type=\"hidden\" name=\"_wp_http_referer\" value=\"\/de\/wp-json\/wp\/v2\/pages\/21341\" \/>                    <div class=\"mt-3\" style=\"text-align: right;\">\r\n                        <button type=\"submit\" class=\"button button--default\" name=\"submit_profile\">Anmelden<\/button>\r\n                    <\/div>\r\n                <\/form>\r\n            <\/div>\r\n        <\/div>\r\n    <\/div>\t\t\t\t\t\t\t\t<\/div>\n\t\t\t\t<\/div>\n\t\t\t\t<\/div>\n\t\t\t\t\t<\/div>\n\t\t\t\t<\/div>\n\t\t\t\t<\/div>\n\t\t","protected":false},"excerpt":{"rendered":"<p>Vervollst\u00e4ndigen Sie die Anmeldung Email* Vorname* Nachname* Display Name: Land ausw\u00e4hlen* Country AustriaBelgiumBulgariaCroatiaCyprusCzechiaDenmarkEstoniaFinlandFranceGermanyGreeceHungaryIrelandItalyLatviaLithuaniaLuxembourgMaltaNetherlandsPolandPortugalRomaniaSlovakiaSloveniaSpainSweden W\u00e4hlen Sie Ihr Fachgebiet* OnkologieChirurgieNeurologieDermatologieAnderes Bitte Fachgebiet angeben: Ich willige ein, dass die SpringWorks Therapeutics, ein Healthcare-Unternehmen von Merck, sowie Unternehmen der Merck Healthcare (\u201eSpringWorks\u201c), meine personenbezogenen Daten (d.h. Name, Titel bzw. akademischer Grad, Praxis bzw. Arbeitsst\u00e4tte, Adresse, E-Mail-Adresse, Telefon, T\u00e4tigkeitsschwerpunkt\/Fachrichtung) f\u00fcr&hellip;<\/p>\n","protected":false},"author":4,"featured_media":0,"parent":0,"menu_order":0,"comment_status":"closed","ping_status":"closed","template":"elementor_header_footer","meta":{"_acf_changed":true,"footnotes":""},"class_list":["post-21341","page","type-page","status-publish","hentry"],"acf":[],"yoast_head":"<!-- This site is optimized with the Yoast SEO plugin v26.1.1 - https:\/\/yoast.com\/wordpress\/plugins\/seo\/ -->\n<title>NF1-PN: Anmeldung Abschliessen | SpringWorks Therapeutics<\/title>\n<meta name=\"robots\" content=\"index, follow, max-snippet:-1, max-image-preview:large, max-video-preview:-1\" \/>\n<link rel=\"canonical\" href=\"https:\/\/www.nf1pn.eu\/de\/anmeldung-abschliessen\/\" \/>\n<meta property=\"og:locale\" content=\"de_DE\" \/>\n<meta property=\"og:type\" content=\"article\" \/>\n<meta property=\"og:title\" content=\"NF1-PN: Anmeldung Abschliessen | SpringWorks Therapeutics\" \/>\n<meta property=\"og:url\" content=\"https:\/\/www.nf1pn.eu\/de\/anmeldung-abschliessen\/\" \/>\n<meta property=\"og:site_name\" content=\"Springworks\" \/>\n<meta property=\"article:modified_time\" content=\"2026-03-11T15:12:18+00:00\" \/>\n<meta name=\"twitter:card\" content=\"summary_large_image\" \/>\n<meta name=\"twitter:label1\" content=\"Gesch\u00e4tzte Lesezeit\" \/>\n\t<meta name=\"twitter:data1\" content=\"1\u00a0Minute\" \/>\n<script type=\"application\/ld+json\" class=\"yoast-schema-graph\">{\"@context\":\"https:\/\/schema.org\",\"@graph\":[{\"@type\":\"WebPage\",\"@id\":\"https:\/\/www.nf1pn.eu\/de\/anmeldung-abschliessen\/\",\"url\":\"https:\/\/www.nf1pn.eu\/de\/anmeldung-abschliessen\/\",\"name\":\"NF1-PN: Anmeldung Abschliessen | SpringWorks Therapeutics\",\"isPartOf\":{\"@id\":\"https:\/\/www.nf1pn.eu\/de\/#website\"},\"datePublished\":\"2025-03-19T10:54:38+00:00\",\"dateModified\":\"2026-03-11T15:12:18+00:00\",\"breadcrumb\":{\"@id\":\"https:\/\/www.nf1pn.eu\/de\/anmeldung-abschliessen\/#breadcrumb\"},\"inLanguage\":\"de\",\"potentialAction\":[{\"@type\":\"ReadAction\",\"target\":[\"https:\/\/www.nf1pn.eu\/de\/anmeldung-abschliessen\/\"]}]},{\"@type\":\"BreadcrumbList\",\"@id\":\"https:\/\/www.nf1pn.eu\/de\/anmeldung-abschliessen\/#breadcrumb\",\"itemListElement\":[{\"@type\":\"ListItem\",\"position\":1,\"name\":\"Home\",\"item\":\"https:\/\/www.nf1pn.eu\/de\/\"},{\"@type\":\"ListItem\",\"position\":2,\"name\":\"Anmeldung Abschliessen\"}]},{\"@type\":\"WebSite\",\"@id\":\"https:\/\/www.nf1pn.eu\/de\/#website\",\"url\":\"https:\/\/www.nf1pn.eu\/de\/\",\"name\":\"Springworks\",\"description\":\"NF1PN\",\"publisher\":{\"@id\":\"https:\/\/www.nf1pn.eu\/de\/#organization\"},\"potentialAction\":[{\"@type\":\"SearchAction\",\"target\":{\"@type\":\"EntryPoint\",\"urlTemplate\":\"https:\/\/www.nf1pn.eu\/de\/?s={search_term_string}\"},\"query-input\":{\"@type\":\"PropertyValueSpecification\",\"valueRequired\":true,\"valueName\":\"search_term_string\"}}],\"inLanguage\":\"de\"},{\"@type\":\"Organization\",\"@id\":\"https:\/\/www.nf1pn.eu\/de\/#organization\",\"name\":\"Springworks\",\"url\":\"https:\/\/www.nf1pn.eu\/de\/\",\"logo\":{\"@type\":\"ImageObject\",\"inLanguage\":\"de\",\"@id\":\"https:\/\/www.nf1pn.eu\/de\/#\/schema\/logo\/image\/\",\"url\":\"https:\/\/www.nf1pn.eu\/wp-content\/uploads\/2024\/07\/SWTX_Logo_White.svg\",\"contentUrl\":\"https:\/\/www.nf1pn.eu\/wp-content\/uploads\/2024\/07\/SWTX_Logo_White.svg\",\"caption\":\"Springworks\"},\"image\":{\"@id\":\"https:\/\/www.nf1pn.eu\/de\/#\/schema\/logo\/image\/\"}}]}<\/script>\n<!-- \/ Yoast SEO plugin. -->","yoast_head_json":{"title":"NF1-PN: Anmeldung Abschliessen | SpringWorks Therapeutics","robots":{"index":"index","follow":"follow","max-snippet":"max-snippet:-1","max-image-preview":"max-image-preview:large","max-video-preview":"max-video-preview:-1"},"canonical":"https:\/\/www.nf1pn.eu\/de\/anmeldung-abschliessen\/","og_locale":"de_DE","og_type":"article","og_title":"NF1-PN: Anmeldung Abschliessen | SpringWorks Therapeutics","og_url":"https:\/\/www.nf1pn.eu\/de\/anmeldung-abschliessen\/","og_site_name":"Springworks","article_modified_time":"2026-03-11T15:12:18+00:00","twitter_card":"summary_large_image","twitter_misc":{"Gesch\u00e4tzte Lesezeit":"1\u00a0Minute"},"schema":{"@context":"https:\/\/schema.org","@graph":[{"@type":"WebPage","@id":"https:\/\/www.nf1pn.eu\/de\/anmeldung-abschliessen\/","url":"https:\/\/www.nf1pn.eu\/de\/anmeldung-abschliessen\/","name":"NF1-PN: Anmeldung Abschliessen | SpringWorks Therapeutics","isPartOf":{"@id":"https:\/\/www.nf1pn.eu\/de\/#website"},"datePublished":"2025-03-19T10:54:38+00:00","dateModified":"2026-03-11T15:12:18+00:00","breadcrumb":{"@id":"https:\/\/www.nf1pn.eu\/de\/anmeldung-abschliessen\/#breadcrumb"},"inLanguage":"de","potentialAction":[{"@type":"ReadAction","target":["https:\/\/www.nf1pn.eu\/de\/anmeldung-abschliessen\/"]}]},{"@type":"BreadcrumbList","@id":"https:\/\/www.nf1pn.eu\/de\/anmeldung-abschliessen\/#breadcrumb","itemListElement":[{"@type":"ListItem","position":1,"name":"Home","item":"https:\/\/www.nf1pn.eu\/de\/"},{"@type":"ListItem","position":2,"name":"Anmeldung Abschliessen"}]},{"@type":"WebSite","@id":"https:\/\/www.nf1pn.eu\/de\/#website","url":"https:\/\/www.nf1pn.eu\/de\/","name":"Springworks","description":"NF1PN","publisher":{"@id":"https:\/\/www.nf1pn.eu\/de\/#organization"},"potentialAction":[{"@type":"SearchAction","target":{"@type":"EntryPoint","urlTemplate":"https:\/\/www.nf1pn.eu\/de\/?s={search_term_string}"},"query-input":{"@type":"PropertyValueSpecification","valueRequired":true,"valueName":"search_term_string"}}],"inLanguage":"de"},{"@type":"Organization","@id":"https:\/\/www.nf1pn.eu\/de\/#organization","name":"Springworks","url":"https:\/\/www.nf1pn.eu\/de\/","logo":{"@type":"ImageObject","inLanguage":"de","@id":"https:\/\/www.nf1pn.eu\/de\/#\/schema\/logo\/image\/","url":"https:\/\/www.nf1pn.eu\/wp-content\/uploads\/2024\/07\/SWTX_Logo_White.svg","contentUrl":"https:\/\/www.nf1pn.eu\/wp-content\/uploads\/2024\/07\/SWTX_Logo_White.svg","caption":"Springworks"},"image":{"@id":"https:\/\/www.nf1pn.eu\/de\/#\/schema\/logo\/image\/"}}]}},"featured_image_src":null,"featured_image_src_square":null,"_links":{"self":[{"href":"https:\/\/www.nf1pn.eu\/de\/wp-json\/wp\/v2\/pages\/21341","targetHints":{"allow":["GET"]}}],"collection":[{"href":"https:\/\/www.nf1pn.eu\/de\/wp-json\/wp\/v2\/pages"}],"about":[{"href":"https:\/\/www.nf1pn.eu\/de\/wp-json\/wp\/v2\/types\/page"}],"author":[{"embeddable":true,"href":"https:\/\/www.nf1pn.eu\/de\/wp-json\/wp\/v2\/users\/4"}],"replies":[{"embeddable":true,"href":"https:\/\/www.nf1pn.eu\/de\/wp-json\/wp\/v2\/comments?post=21341"}],"version-history":[{"count":0,"href":"https:\/\/www.nf1pn.eu\/de\/wp-json\/wp\/v2\/pages\/21341\/revisions"}],"wp:attachment":[{"href":"https:\/\/www.nf1pn.eu\/de\/wp-json\/wp\/v2\/media?parent=21341"}],"curies":[{"name":"wp","href":"https:\/\/api.w.org\/{rel}","templated":true}]}}